{"id":296,"date":"2025-12-08T15:45:23","date_gmt":"2025-12-08T14:45:23","guid":{"rendered":"https:\/\/www.grandcafedelaposte.restaurant\/grandcafedelapos\/?page_id=296"},"modified":"2026-03-07T17:26:48","modified_gmt":"2026-03-07T16:26:48","slug":"%e5%8e%8b%e6%9c%ba","status":"publish","type":"page","link":"https:\/\/www.grandcafedelaposte.restaurant\/zh\/press\/","title":{"rendered":"\u65b0\u95fb"},"content":{"rendered":"<div data-elementor-type=\"wp-page\" data-elementor-id=\"296\" class=\"elementor elementor-296\" data-elementor-post-type=\"page\">\n\t\t\t\t<div class=\"elementor-element elementor-element-a88a790 e-flex e-con-boxed e-con e-parent\" data-id=\"a88a790\" data-element_type=\"container\" data-e-type=\"container\">\n\t\t\t\t\t<div class=\"e-con-inner\">\n\t\t\t\t<div class=\"elementor-element elementor-element-4049086 elementor-widget elementor-widget-heading\" data-id=\"4049086\" data-element_type=\"widget\" data-e-type=\"widget\" data-widget_type=\"heading.default\">\n\t\t\t\t\t<h1 class=\"elementor-heading-title elementor-size-default\">\u4ed6\u4eec\u8c08\u8bba\u6211\u4eec<\/h1>\t\t\t\t<\/div>\n\t\t\t\t<div class=\"elementor-element elementor-element-00e2016 elementor-widget elementor-widget-text-editor\" data-id=\"00e2016\" data-element_type=\"widget\" data-e-type=\"widget\" data-widget_type=\"text-editor.default\">\n\t\t\t\t\t\t\t\t\t<p><span style=\"font-weight: 400;\">Grand Caf\u00e9 de la Poste \u88ab\u8bc4\u8bba\u754c\u8a89\u4e3a\u6c38\u6052\u7684\u6807\u5fd7\uff0c\u7ecf\u5e38\u53d7\u5230\u56fd\u9645\u5a92\u4f53\u7684\u8d5e\u8a89\u3002\u4ece\u300aElle\u300b\u5230\u300aL'Officiel\u300b\uff0c\u5a92\u4f53\u90fd\u8ba4\u4e3a\u6211\u4eec\u7684\u9910\u5385\u662f\u4f53\u73b0\u9a6c\u62c9\u5580\u4ec0\u4f18\u96c5\u548c\u7075\u9b42\u7684\u91cd\u8981\u673a\u6784\u3002.<\/span><\/p>\t\t\t\t\t\t\t\t<\/div>\n\t\t<div class=\"elementor-element elementor-element-3b4105f e-grid e-con-boxed e-con e-child\" data-id=\"3b4105f\" data-element_type=\"container\" data-e-type=\"container\">\n\t\t\t\t\t<div class=\"e-con-inner\">\n\t\t<div class=\"elementor-element elementor-element-6f2b6ba e-con-full e-flex e-con e-child\" data-id=\"6f2b6ba\" data-element_type=\"container\" data-e-type=\"container\">\n\t\t\t\t<div class=\"elementor-element elementor-element-8cd562f elementor-widget elementor-widget-image\" data-id=\"8cd562f\" data-element_type=\"widget\" data-e-type=\"widget\" data-widget_type=\"image.default\">\n\t\t\t\t\t\t\t\t\t\t\t\t\t\t\t\t<a href=\"https:\/\/www.grandcafedelaposte.restaurant\/wp-content\/uploads\/2026\/02\/Conde-Nast-Traveler-1.png\" data-elementor-open-lightbox=\"yes\" data-e-action-hash=\"#elementor-action%3Aaction%3Dlightbox%26settings%3DeyJpZCI6NDk2NSwidXJsIjoiaHR0cHM6XC9cL3d3dy5ncmFuZGNhZmVkZWxhcG9zdGUucmVzdGF1cmFudFwvd3AtY29udGVudFwvdXBsb2Fkc1wvMjAyNlwvMDJcL0NvbmRlLU5hc3QtVHJhdmVsZXItMS5wbmcifQ%3D%3D\">\n\t\t\t\t\t\t\t<img fetchpriority=\"high\" decoding=\"async\" width=\"595\" height=\"841\" src=\"https:\/\/www.grandcafedelaposte.restaurant\/wp-content\/uploads\/2026\/02\/Conde-Nast-Traveler-1.png\" class=\"attachment-full size-full wp-image-4965\" alt=\"\" srcset=\"https:\/\/www.grandcafedelaposte.restaurant\/wp-content\/uploads\/2026\/02\/Conde-Nast-Traveler-1.png 595w, https:\/\/www.grandcafedelaposte.restaurant\/wp-content\/uploads\/2026\/02\/Conde-Nast-Traveler-1-212x300.png 212w\" sizes=\"(max-width: 595px) 100vw, 595px\" \/>\t\t\t\t\t\t\t\t<\/a>\n\t\t\t\t\t\t\t\t\t\t\t\t\t\t\t<\/div>\n\t\t\t\t<div class=\"elementor-element elementor-element-e0cd624 elementor-widget__width-initial elementor-widget elementor-widget-heading\" data-id=\"e0cd624\" data-element_type=\"widget\" data-e-type=\"widget\" data-widget_type=\"heading.default\">\n\t\t\t\t\t<h1 class=\"elementor-heading-title elementor-size-default\">\u5eb7\u6cf0\u7eb3\u4ed5<\/h1>\t\t\t\t<\/div>\n\t\t\t\t<div class=\"elementor-element elementor-element-3faafea elementor-widget__width-initial elementor-widget elementor-widget-text-editor\" data-id=\"3faafea\" data-element_type=\"widget\" data-e-type=\"widget\" data-widget_type=\"text-editor.default\">\n\t\t\t\t\t\t\t\t\t<p>\u9a6c\u62c9\u5580\u4ec0\u7684\u7f8e\u98df.<\/p>\t\t\t\t\t\t\t\t<\/div>\n\t\t\t\t<\/div>\n\t\t<div class=\"elementor-element elementor-element-dbb4193 e-con-full e-flex e-con e-child\" data-id=\"dbb4193\" data-element_type=\"container\" data-e-type=\"container\">\n\t\t\t\t<div class=\"elementor-element elementor-element-4bbf32a elementor-widget elementor-widget-image\" data-id=\"4bbf32a\" data-element_type=\"widget\" data-e-type=\"widget\" data-widget_type=\"image.default\">\n\t\t\t\t\t\t\t\t\t\t\t\t\t\t\t\t<a href=\"https:\/\/www.grandcafedelaposte.restaurant\/wp-content\/uploads\/2026\/02\/Elle-1.png\" data-elementor-open-lightbox=\"yes\" data-e-action-hash=\"#elementor-action%3Aaction%3Dlightbox%26settings%3DeyJpZCI6NDk2NCwidXJsIjoiaHR0cHM6XC9cL3d3dy5ncmFuZGNhZmVkZWxhcG9zdGUucmVzdGF1cmFudFwvd3AtY29udGVudFwvdXBsb2Fkc1wvMjAyNlwvMDJcL0VsbGUtMS5wbmcifQ%3D%3D\">\n\t\t\t\t\t\t\t<img decoding=\"async\" width=\"595\" height=\"841\" src=\"https:\/\/www.grandcafedelaposte.restaurant\/wp-content\/uploads\/2026\/02\/Elle-1.png\" class=\"attachment-full size-full wp-image-4964\" alt=\"\" srcset=\"https:\/\/www.grandcafedelaposte.restaurant\/wp-content\/uploads\/2026\/02\/Elle-1.png 595w, https:\/\/www.grandcafedelaposte.restaurant\/wp-content\/uploads\/2026\/02\/Elle-1-212x300.png 212w\" sizes=\"(max-width: 595px) 100vw, 595px\" \/>\t\t\t\t\t\t\t\t<\/a>\n\t\t\t\t\t\t\t\t\t\t\t\t\t\t\t<\/div>\n\t\t\t\t<div class=\"elementor-element elementor-element-0176872 elementor-widget__width-initial elementor-widget elementor-widget-heading\" data-id=\"0176872\" data-element_type=\"widget\" data-e-type=\"widget\" data-widget_type=\"heading.default\">\n\t\t\t\t\t<h1 class=\"elementor-heading-title elementor-size-default\">\u5979<\/h1>\t\t\t\t<\/div>\n\t\t\t\t<div class=\"elementor-element elementor-element-454fb21 elementor-widget__width-initial elementor-widget elementor-widget-text-editor\" data-id=\"454fb21\" data-element_type=\"widget\" data-e-type=\"widget\" data-widget_type=\"text-editor.default\">\n\t\t\t\t\t\t\t\t\t<p>\u9a6c\u62c9\u5580\u4ec0 \u8fd9\u662f\u4e00\u4e2a\u7406\u60f3\u7684\u76ee\u7684\u5730\u3002.<\/p>\t\t\t\t\t\t\t\t<\/div>\n\t\t\t\t<\/div>\n\t\t<div class=\"elementor-element elementor-element-912e2ae e-con-full e-flex e-con e-child\" data-id=\"912e2ae\" data-element_type=\"container\" data-e-type=\"container\">\n\t\t\t\t<div class=\"elementor-element elementor-element-f8011db elementor-widget elementor-widget-image\" data-id=\"f8011db\" data-element_type=\"widget\" data-e-type=\"widget\" data-widget_type=\"image.default\">\n\t\t\t\t\t\t\t\t\t\t\t\t\t\t\t\t<a href=\"https:\/\/www.grandcafedelaposte.restaurant\/wp-content\/uploads\/2026\/02\/GQ-1.png\" data-elementor-open-lightbox=\"yes\" data-e-action-hash=\"#elementor-action%3Aaction%3Dlightbox%26settings%3DeyJpZCI6NDk2NiwidXJsIjoiaHR0cHM6XC9cL3d3dy5ncmFuZGNhZmVkZWxhcG9zdGUucmVzdGF1cmFudFwvd3AtY29udGVudFwvdXBsb2Fkc1wvMjAyNlwvMDJcL0dRLTEucG5nIn0%3D\">\n\t\t\t\t\t\t\t<img decoding=\"async\" width=\"595\" height=\"841\" src=\"https:\/\/www.grandcafedelaposte.restaurant\/wp-content\/uploads\/2026\/02\/GQ-1.png\" class=\"attachment-full size-full wp-image-4966\" alt=\"\" srcset=\"https:\/\/www.grandcafedelaposte.restaurant\/wp-content\/uploads\/2026\/02\/GQ-1.png 595w, https:\/\/www.grandcafedelaposte.restaurant\/wp-content\/uploads\/2026\/02\/GQ-1-212x300.png 212w\" sizes=\"(max-width: 595px) 100vw, 595px\" \/>\t\t\t\t\t\t\t\t<\/a>\n\t\t\t\t\t\t\t\t\t\t\t\t\t\t\t<\/div>\n\t\t\t\t<div class=\"elementor-element elementor-element-3955a4b elementor-widget__width-initial elementor-widget elementor-widget-heading\" data-id=\"3955a4b\" data-element_type=\"widget\" data-e-type=\"widget\" data-widget_type=\"heading.default\">\n\t\t\t\t\t<h1 class=\"elementor-heading-title elementor-size-default\">GQ<\/h1>\t\t\t\t<\/div>\n\t\t\t\t<div class=\"elementor-element elementor-element-0769cd8 elementor-widget__width-initial elementor-widget elementor-widget-text-editor\" data-id=\"0769cd8\" data-element_type=\"widget\" data-e-type=\"widget\" data-widget_type=\"text-editor.default\">\n\t\t\t\t\t\t\t\t\t<p>\u6211\u4eec\u5728\u9a6c\u62c9\u5580\u4ec0\u7684\u6700\u4f73\u5730\u5740.<\/p>\t\t\t\t\t\t\t\t<\/div>\n\t\t\t\t<\/div>\n\t\t<div class=\"elementor-element elementor-element-9636fdd e-con-full e-flex e-con e-child\" data-id=\"9636fdd\" data-element_type=\"container\" data-e-type=\"container\">\n\t\t\t\t<div class=\"elementor-element elementor-element-efd5d33 elementor-widget elementor-widget-image\" data-id=\"efd5d33\" data-element_type=\"widget\" data-e-type=\"widget\" data-widget_type=\"image.default\">\n\t\t\t\t\t\t\t\t\t\t\t\t\t\t\t\t<a href=\"https:\/\/www.grandcafedelaposte.restaurant\/wp-content\/uploads\/2026\/02\/Vogue-1.png\" data-elementor-open-lightbox=\"yes\" data-e-action-hash=\"#elementor-action%3Aaction%3Dlightbox%26settings%3DeyJpZCI6NDk2MywidXJsIjoiaHR0cHM6XC9cL3d3dy5ncmFuZGNhZmVkZWxhcG9zdGUucmVzdGF1cmFudFwvd3AtY29udGVudFwvdXBsb2Fkc1wvMjAyNlwvMDJcL1ZvZ3VlLTEucG5nIn0%3D\">\n\t\t\t\t\t\t\t<img loading=\"lazy\" decoding=\"async\" width=\"595\" height=\"841\" src=\"https:\/\/www.grandcafedelaposte.restaurant\/wp-content\/uploads\/2026\/02\/Vogue-1.png\" class=\"attachment-full size-full wp-image-4963\" alt=\"\" srcset=\"https:\/\/www.grandcafedelaposte.restaurant\/wp-content\/uploads\/2026\/02\/Vogue-1.png 595w, https:\/\/www.grandcafedelaposte.restaurant\/wp-content\/uploads\/2026\/02\/Vogue-1-212x300.png 212w\" sizes=\"(max-width: 595px) 100vw, 595px\" \/>\t\t\t\t\t\t\t\t<\/a>\n\t\t\t\t\t\t\t\t\t\t\t\t\t\t\t<\/div>\n\t\t\t\t<div class=\"elementor-element elementor-element-b688639 elementor-widget__width-initial elementor-widget elementor-widget-heading\" data-id=\"b688639\" data-element_type=\"widget\" data-e-type=\"widget\" data-widget_type=\"heading.default\">\n\t\t\t\t\t<h1 class=\"elementor-heading-title elementor-size-default\">\u65f6\u5c1a<\/h1>\t\t\t\t<\/div>\n\t\t\t\t<div class=\"elementor-element elementor-element-f928f94 elementor-widget__width-initial elementor-widget elementor-widget-text-editor\" data-id=\"f928f94\" data-element_type=\"widget\" data-e-type=\"widget\" data-widget_type=\"text-editor.default\">\n\t\t\t\t\t\t\t\t\t<p>\u6211\u4eec\u5728\u9a6c\u62c9\u5580\u4ec0\u6700\u9002\u5408\u5ea6\u5468\u672b\u7684\u5730\u5740.<\/p>\t\t\t\t\t\t\t\t<\/div>\n\t\t\t\t<\/div>\n\t\t<div class=\"elementor-element elementor-element-3ea8149 e-con-full e-flex e-con e-child\" data-id=\"3ea8149\" data-element_type=\"container\" data-e-type=\"container\">\n\t\t\t\t<div class=\"elementor-element elementor-element-5593bcf elementor-widget elementor-widget-image\" data-id=\"5593bcf\" data-element_type=\"widget\" data-e-type=\"widget\" data-widget_type=\"image.default\">\n\t\t\t\t\t\t\t\t\t\t\t\t\t\t\t\t<a href=\"https:\/\/www.grandcafedelaposte.restaurant\/wp-content\/uploads\/2025\/12\/14.01.2025-Challenges.jpg\" data-elementor-open-lightbox=\"yes\" data-e-action-hash=\"#elementor-action%3Aaction%3Dlightbox%26settings%3DeyJpZCI6MTQ3NiwidXJsIjoiaHR0cHM6XC9cL3d3dy5ncmFuZGNhZmVkZWxhcG9zdGUucmVzdGF1cmFudFwvd3AtY29udGVudFwvdXBsb2Fkc1wvMjAyNVwvMTJcLzE0LjAxLjIwMjUtQ2hhbGxlbmdlcy5qcGcifQ%3D%3D\">\n\t\t\t\t\t\t\t<img loading=\"lazy\" decoding=\"async\" width=\"595\" height=\"841\" src=\"https:\/\/www.grandcafedelaposte.restaurant\/wp-content\/uploads\/2025\/12\/14.01.2025-Challenges.jpg\" class=\"attachment-full size-full wp-image-1476\" alt=\"\" srcset=\"https:\/\/www.grandcafedelaposte.restaurant\/wp-content\/uploads\/2025\/12\/14.01.2025-Challenges.jpg 595w, https:\/\/www.grandcafedelaposte.restaurant\/wp-content\/uploads\/2025\/12\/14.01.2025-Challenges-212x300.jpg 212w\" sizes=\"(max-width: 595px) 100vw, 595px\" \/>\t\t\t\t\t\t\t\t<\/a>\n\t\t\t\t\t\t\t\t\t\t\t\t\t\t\t<\/div>\n\t\t\t\t<div class=\"elementor-element elementor-element-fb97d92 elementor-widget__width-initial elementor-widget elementor-widget-heading\" data-id=\"fb97d92\" data-element_type=\"widget\" data-e-type=\"widget\" data-widget_type=\"heading.default\">\n\t\t\t\t\t<h1 class=\"elementor-heading-title elementor-size-default\">\u6311\u6218<\/h1>\t\t\t\t<\/div>\n\t\t\t\t<div class=\"elementor-element elementor-element-2d70210 elementor-widget__width-initial elementor-widget elementor-widget-text-editor\" data-id=\"2d70210\" data-element_type=\"widget\" data-e-type=\"widget\" data-widget_type=\"text-editor.default\">\n\t\t\t\t\t\t\t\t\t<p>\u5728 Grand Caf\u00e9 de la Poste \u50cf\u5f53\u5730\u4eba\u4e00\u6837\u4eab\u7528\u5348\u9910\u3002.<\/p>\t\t\t\t\t\t\t\t<\/div>\n\t\t\t\t<\/div>\n\t\t<div class=\"elementor-element elementor-element-7ea42fa e-con-full e-flex e-con e-child\" data-id=\"7ea42fa\" data-element_type=\"container\" data-e-type=\"container\">\n\t\t\t\t<div class=\"elementor-element elementor-element-ea26e82 elementor-widget elementor-widget-image\" data-id=\"ea26e82\" data-element_type=\"widget\" data-e-type=\"widget\" data-widget_type=\"image.default\">\n\t\t\t\t\t\t\t\t\t\t\t\t\t\t\t\t<a href=\"https:\/\/www.grandcafedelaposte.restaurant\/wp-content\/uploads\/2025\/12\/13.01.2025-LEventail.jpg\" data-elementor-open-lightbox=\"yes\" data-e-action-hash=\"#elementor-action%3Aaction%3Dlightbox%26settings%3DeyJpZCI6MTQ3NSwidXJsIjoiaHR0cHM6XC9cL3d3dy5ncmFuZGNhZmVkZWxhcG9zdGUucmVzdGF1cmFudFwvd3AtY29udGVudFwvdXBsb2Fkc1wvMjAyNVwvMTJcLzEzLjAxLjIwMjUtTEV2ZW50YWlsLmpwZyJ9\">\n\t\t\t\t\t\t\t<img loading=\"lazy\" decoding=\"async\" width=\"595\" height=\"841\" src=\"https:\/\/www.grandcafedelaposte.restaurant\/wp-content\/uploads\/2025\/12\/13.01.2025-LEventail.jpg\" class=\"attachment-full size-full wp-image-1475\" alt=\"\" srcset=\"https:\/\/www.grandcafedelaposte.restaurant\/wp-content\/uploads\/2025\/12\/13.01.2025-LEventail.jpg 595w, https:\/\/www.grandcafedelaposte.restaurant\/wp-content\/uploads\/2025\/12\/13.01.2025-LEventail-212x300.jpg 212w\" sizes=\"(max-width: 595px) 100vw, 595px\" \/>\t\t\t\t\t\t\t\t<\/a>\n\t\t\t\t\t\t\t\t\t\t\t\t\t\t\t<\/div>\n\t\t\t\t<div class=\"elementor-element elementor-element-6fd0a7f elementor-widget__width-initial elementor-widget elementor-widget-heading\" data-id=\"6fd0a7f\" data-element_type=\"widget\" data-e-type=\"widget\" data-widget_type=\"heading.default\">\n\t\t\t\t\t<h1 class=\"elementor-heading-title elementor-size-default\">L'Eventail<\/h1>\t\t\t\t<\/div>\n\t\t\t\t<div class=\"elementor-element elementor-element-7fa7d9f elementor-widget__width-initial elementor-widget elementor-widget-text-editor\" data-id=\"7fa7d9f\" data-element_type=\"widget\" data-e-type=\"widget\" data-widget_type=\"text-editor.default\">\n\t\t\t\t\t\t\t\t\t<p>\u4e1c\u897f\u65b9\u4e4b\u95f4\u7684\u5efa\u7b51.<\/p>\t\t\t\t\t\t\t\t<\/div>\n\t\t\t\t<\/div>\n\t\t<div class=\"elementor-element elementor-element-0a0c2d3 e-con-full e-flex e-con e-child\" data-id=\"0a0c2d3\" data-element_type=\"container\" data-e-type=\"container\">\n\t\t\t\t<div class=\"elementor-element elementor-element-8237e32 elementor-widget elementor-widget-image\" data-id=\"8237e32\" data-element_type=\"widget\" data-e-type=\"widget\" data-widget_type=\"image.default\">\n\t\t\t\t\t\t\t\t\t\t\t\t\t\t\t\t<a href=\"https:\/\/www.grandcafedelaposte.restaurant\/wp-content\/uploads\/2025\/12\/18.11.2025-BIBA-Grand-cafe-de-la-poste.jpg\" data-elementor-open-lightbox=\"yes\" data-e-action-hash=\"#elementor-action%3Aaction%3Dlightbox%26settings%3DeyJpZCI6MTQ3OCwidXJsIjoiaHR0cHM6XC9cL3d3dy5ncmFuZGNhZmVkZWxhcG9zdGUucmVzdGF1cmFudFwvd3AtY29udGVudFwvdXBsb2Fkc1wvMjAyNVwvMTJcLzE4LjExLjIwMjUtQklCQS1HcmFuZC1jYWZlLWRlLWxhLXBvc3RlLmpwZyJ9\">\n\t\t\t\t\t\t\t<img loading=\"lazy\" decoding=\"async\" width=\"595\" height=\"841\" src=\"https:\/\/www.grandcafedelaposte.restaurant\/wp-content\/uploads\/2025\/12\/18.11.2025-BIBA-Grand-cafe-de-la-poste.jpg\" class=\"attachment-full size-full wp-image-1478\" alt=\"\" srcset=\"https:\/\/www.grandcafedelaposte.restaurant\/wp-content\/uploads\/2025\/12\/18.11.2025-BIBA-Grand-cafe-de-la-poste.jpg 595w, https:\/\/www.grandcafedelaposte.restaurant\/wp-content\/uploads\/2025\/12\/18.11.2025-BIBA-Grand-cafe-de-la-poste-212x300.jpg 212w\" sizes=\"(max-width: 595px) 100vw, 595px\" \/>\t\t\t\t\t\t\t\t<\/a>\n\t\t\t\t\t\t\t\t\t\t\t\t\t\t\t<\/div>\n\t\t\t\t<div class=\"elementor-element elementor-element-974a15a elementor-widget__width-initial elementor-widget elementor-widget-heading\" data-id=\"974a15a\" data-element_type=\"widget\" data-e-type=\"widget\" data-widget_type=\"heading.default\">\n\t\t\t\t\t<h1 class=\"elementor-heading-title elementor-size-default\">\u6bd4\u5df4<\/h1>\t\t\t\t<\/div>\n\t\t\t\t<div class=\"elementor-element elementor-element-3cb63f0 elementor-widget__width-initial elementor-widget elementor-widget-text-editor\" data-id=\"3cb63f0\" data-element_type=\"widget\" data-e-type=\"widget\" data-widget_type=\"text-editor.default\">\n\t\t\t\t\t\t\t\t\t<p>\u9a6c\u62c9\u5580\u4ec0\uff1a\u4f53\u9a8c\u9a6c\u62c9\u5580\u4ec0\u6e29\u548c\u751f\u6d3b\u65b9\u5f0f\u7684 5 \u4e2a\u666f\u70b9\u3002.<\/p>\t\t\t\t\t\t\t\t<\/div>\n\t\t\t\t<\/div>\n\t\t<div class=\"elementor-element elementor-element-cbf8172 e-con-full e-flex e-con e-child\" data-id=\"cbf8172\" data-element_type=\"container\" data-e-type=\"container\">\n\t\t\t\t<div class=\"elementor-element elementor-element-b7c2873 elementor-widget elementor-widget-image\" data-id=\"b7c2873\" data-element_type=\"widget\" data-e-type=\"widget\" data-widget_type=\"image.default\">\n\t\t\t\t\t\t\t\t\t\t\t\t\t\t\t\t<a href=\"https:\/\/www.grandcafedelaposte.restaurant\/wp-content\/uploads\/2025\/12\/01.2025-Voayge-de-luxe.jpg\" data-elementor-open-lightbox=\"yes\" data-e-action-hash=\"#elementor-action%3Aaction%3Dlightbox%26settings%3DeyJpZCI6MTQ3MywidXJsIjoiaHR0cHM6XC9cL3d3dy5ncmFuZGNhZmVkZWxhcG9zdGUucmVzdGF1cmFudFwvd3AtY29udGVudFwvdXBsb2Fkc1wvMjAyNVwvMTJcLzAxLjIwMjUtVm9heWdlLWRlLWx1eGUuanBnIn0%3D\">\n\t\t\t\t\t\t\t<img loading=\"lazy\" decoding=\"async\" width=\"595\" height=\"841\" src=\"https:\/\/www.grandcafedelaposte.restaurant\/wp-content\/uploads\/2025\/12\/01.2025-Voayge-de-luxe.jpg\" class=\"attachment-full size-full wp-image-1473\" alt=\"\" srcset=\"https:\/\/www.grandcafedelaposte.restaurant\/wp-content\/uploads\/2025\/12\/01.2025-Voayge-de-luxe.jpg 595w, https:\/\/www.grandcafedelaposte.restaurant\/wp-content\/uploads\/2025\/12\/01.2025-Voayge-de-luxe-212x300.jpg 212w\" sizes=\"(max-width: 595px) 100vw, 595px\" \/>\t\t\t\t\t\t\t\t<\/a>\n\t\t\t\t\t\t\t\t\t\t\t\t\t\t\t<\/div>\n\t\t\t\t<div class=\"elementor-element elementor-element-acb003a elementor-widget__width-initial elementor-widget elementor-widget-heading\" data-id=\"acb003a\" data-element_type=\"widget\" data-e-type=\"widget\" data-widget_type=\"heading.default\">\n\t\t\t\t\t<h1 class=\"elementor-heading-title elementor-size-default\">\u8c6a\u534e\u65c5\u6e38<\/h1>\t\t\t\t<\/div>\n\t\t\t\t<div class=\"elementor-element elementor-element-d433319 elementor-widget__width-initial elementor-widget elementor-widget-text-editor\" data-id=\"d433319\" data-element_type=\"widget\" data-e-type=\"widget\" data-widget_type=\"text-editor.default\">\n\t\t\t\t\t\t\t\t\t<p>\u5c0f\u9910\u9986\u7684\u7cbe\u795e.<\/p>\t\t\t\t\t\t\t\t<\/div>\n\t\t\t\t<\/div>\n\t\t<div class=\"elementor-element elementor-element-a880ab7 e-con-full e-flex e-con e-child\" data-id=\"a880ab7\" data-element_type=\"container\" data-e-type=\"container\">\n\t\t\t\t<div class=\"elementor-element elementor-element-2e68604 elementor-widget elementor-widget-image\" data-id=\"2e68604\" data-element_type=\"widget\" data-e-type=\"widget\" data-widget_type=\"image.default\">\n\t\t\t\t\t\t\t\t\t\t\t\t\t\t\t\t<a href=\"https:\/\/www.grandcafedelaposte.restaurant\/wp-content\/uploads\/2026\/02\/Yonder-1.png\" data-elementor-open-lightbox=\"yes\" data-e-action-hash=\"#elementor-action%3Aaction%3Dlightbox%26settings%3DeyJpZCI6NDk3OSwidXJsIjoiaHR0cHM6XC9cL3d3dy5ncmFuZGNhZmVkZWxhcG9zdGUucmVzdGF1cmFudFwvd3AtY29udGVudFwvdXBsb2Fkc1wvMjAyNlwvMDJcL1lvbmRlci0xLnBuZyJ9\">\n\t\t\t\t\t\t\t<img loading=\"lazy\" decoding=\"async\" width=\"595\" height=\"841\" src=\"https:\/\/www.grandcafedelaposte.restaurant\/wp-content\/uploads\/2026\/02\/Yonder-1.png\" class=\"attachment-full size-full wp-image-4979\" alt=\"\" srcset=\"https:\/\/www.grandcafedelaposte.restaurant\/wp-content\/uploads\/2026\/02\/Yonder-1.png 595w, https:\/\/www.grandcafedelaposte.restaurant\/wp-content\/uploads\/2026\/02\/Yonder-1-212x300.png 212w\" sizes=\"(max-width: 595px) 100vw, 595px\" \/>\t\t\t\t\t\t\t\t<\/a>\n\t\t\t\t\t\t\t\t\t\t\t\t\t\t\t<\/div>\n\t\t\t\t<div class=\"elementor-element elementor-element-fcab72e elementor-widget__width-initial elementor-widget elementor-widget-heading\" data-id=\"fcab72e\" data-element_type=\"widget\" data-e-type=\"widget\" data-widget_type=\"heading.default\">\n\t\t\t\t\t<h1 class=\"elementor-heading-title elementor-size-default\">\u90a3\u8fb9 <\/h1>\t\t\t\t<\/div>\n\t\t\t\t<div class=\"elementor-element elementor-element-3b1e771 elementor-widget__width-initial elementor-widget elementor-widget-text-editor\" data-id=\"3b1e771\" data-element_type=\"widget\" data-e-type=\"widget\" data-widget_type=\"text-editor.default\">\n\t\t\t\t\t\t\t\t\t<p>\u5728\u90ae\u653f\u5927\u5496\u5561\u9986\uff08Grand Caf\u00e9 de la Poste\uff09\u7684\u9732\u53f0\u4e0a\u653e\u677e\u4e00\u4e0b\u3002.<\/p>\t\t\t\t\t\t\t\t<\/div>\n\t\t\t\t<\/div>\n\t\t\t\t\t<\/div>\n\t\t\t\t<\/div>\n\t\t\t\t\t<\/div>\n\t\t\t\t<\/div>\n\t\t\t\t<\/div>","protected":false},"excerpt":{"rendered":"<p>Ils parlent de nous Salu\u00e9 par la critique comme une ic\u00f4ne intemporelle, le Grand Caf\u00e9 de la Poste est r\u00e9guli\u00e8rement c\u00e9l\u00e9br\u00e9 par la presse internationale. De Elle \u00e0 L\u2019Officiel, les m\u00e9dias reconnaissent en notre maison une institution incontournable qui incarne l\u2019\u00e9l\u00e9gance et l\u2019\u00e2me de Marrakech. Cond\u00e9 Nast Where to eat in Marrakech. Elle Marrakech C&rsquo;est [&hellip;]<\/p>\n","protected":false},"author":1,"featured_media":0,"parent":0,"menu_order":0,"comment_status":"closed","ping_status":"closed","template":"elementor_header_footer","meta":{"_acf_changed":false,"footnotes":""},"class_list":["post-296","page","type-page","status-publish","hentry"],"acf":[],"_links":{"self":[{"href":"https:\/\/www.grandcafedelaposte.restaurant\/zh\/wp-json\/wp\/v2\/pages\/296","targetHints":{"allow":["GET"]}}],"collection":[{"href":"https:\/\/www.grandcafedelaposte.restaurant\/zh\/wp-json\/wp\/v2\/pages"}],"about":[{"href":"https:\/\/www.grandcafedelaposte.restaurant\/zh\/wp-json\/wp\/v2\/types\/page"}],"author":[{"embeddable":true,"href":"https:\/\/www.grandcafedelaposte.restaurant\/zh\/wp-json\/wp\/v2\/users\/1"}],"replies":[{"embeddable":true,"href":"https:\/\/www.grandcafedelaposte.restaurant\/zh\/wp-json\/wp\/v2\/comments?post=296"}],"version-history":[{"count":103,"href":"https:\/\/www.grandcafedelaposte.restaurant\/zh\/wp-json\/wp\/v2\/pages\/296\/revisions"}],"predecessor-version":[{"id":5027,"href":"https:\/\/www.grandcafedelaposte.restaurant\/zh\/wp-json\/wp\/v2\/pages\/296\/revisions\/5027"}],"wp:attachment":[{"href":"https:\/\/www.grandcafedelaposte.restaurant\/zh\/wp-json\/wp\/v2\/media?parent=296"}],"curies":[{"name":"wp","href":"https:\/\/api.w.org\/{rel}","templated":true}]}}