{"id":306,"date":"2025-12-08T15:44:45","date_gmt":"2025-12-08T14:44:45","guid":{"rendered":"https:\/\/www.grandcafedelaposte.restaurant\/grandcafedelapos\/?page_id=306"},"modified":"2026-03-24T14:11:34","modified_gmt":"2026-03-24T13:11:34","slug":"%e8%81%94%e7%b3%bb%e6%88%91%e4%bb%ac","status":"publish","type":"page","link":"https:\/\/www.grandcafedelaposte.restaurant\/zh\/contactez-nous\/","title":{"rendered":"\u8054\u7cfb\u6211\u4eec"},"content":{"rendered":"\t\t<div data-elementor-type=\"wp-page\" data-elementor-id=\"306\" class=\"elementor elementor-306\" data-elementor-post-type=\"page\">\n\t\t\t\t<div class=\"elementor-element elementor-element-8d389ae e-flex e-con-boxed e-con e-parent\" data-id=\"8d389ae\" data-element_type=\"container\" data-e-type=\"container\">\n\t\t\t\t\t<div class=\"e-con-inner\">\n\t\t<div class=\"elementor-element elementor-element-c1f3d30 e-con-full e-flex e-con e-child\" data-id=\"c1f3d30\" data-element_type=\"container\" data-e-type=\"container\" data-settings=\"{&quot;background_background&quot;:&quot;classic&quot;}\">\n\t\t\t\t<div class=\"elementor-element elementor-element-c4e467a elementor-widget elementor-widget-image\" data-id=\"c4e467a\" data-element_type=\"widget\" data-e-type=\"widget\" data-widget_type=\"image.default\">\n\t\t\t\t\t\t\t\t\t\t\t\t\t\t\t<img fetchpriority=\"high\" decoding=\"async\" width=\"1366\" height=\"2048\" src=\"https:\/\/www.grandcafedelaposte.restaurant\/wp-content\/uploads\/2026\/03\/GCDLP_avril2022_A__00315_\u00a9PascalMontary.jpg\" class=\"attachment-full size-full wp-image-5037\" alt=\"\" srcset=\"https:\/\/www.grandcafedelaposte.restaurant\/wp-content\/uploads\/2026\/03\/GCDLP_avril2022_A__00315_\u00a9PascalMontary.jpg 1366w, https:\/\/www.grandcafedelaposte.restaurant\/wp-content\/uploads\/2026\/03\/GCDLP_avril2022_A__00315_\u00a9PascalMontary-200x300.jpg 200w, https:\/\/www.grandcafedelaposte.restaurant\/wp-content\/uploads\/2026\/03\/GCDLP_avril2022_A__00315_\u00a9PascalMontary-683x1024.jpg 683w, https:\/\/www.grandcafedelaposte.restaurant\/wp-content\/uploads\/2026\/03\/GCDLP_avril2022_A__00315_\u00a9PascalMontary-768x1151.jpg 768w, https:\/\/www.grandcafedelaposte.restaurant\/wp-content\/uploads\/2026\/03\/GCDLP_avril2022_A__00315_\u00a9PascalMontary-1025x1536.jpg 1025w\" sizes=\"(max-width: 1366px) 100vw, 1366px\" \/>\t\t\t\t\t\t\t\t\t\t\t\t\t\t\t<\/div>\n\t\t\t\t<\/div>\n\t\t<div class=\"elementor-element elementor-element-095c1c6 e-con-full e-flex e-con e-child\" data-id=\"095c1c6\" data-element_type=\"container\" data-e-type=\"container\" data-settings=\"{&quot;background_background&quot;:&quot;classic&quot;}\">\n\t\t\t\t<div class=\"elementor-element elementor-element-a929182 elementor-widget elementor-widget-heading\" data-id=\"a929182\" data-element_type=\"widget\" data-e-type=\"widget\" data-widget_type=\"heading.default\">\n\t\t\t\t\t<h2 class=\"elementor-heading-title elementor-size-default\">Contactez l'\u00e9quipe<\/h2>\t\t\t\t<\/div>\n\t\t\t\t<div class=\"elementor-element elementor-element-dd72b1f elementor-button-align-start elementor-widget elementor-widget-form\" data-id=\"dd72b1f\" data-element_type=\"widget\" data-e-type=\"widget\" data-settings=\"{&quot;button_width&quot;:&quot;100&quot;,&quot;step_type&quot;:&quot;number_text&quot;,&quot;step_icon_shape&quot;:&quot;circle&quot;}\" data-widget_type=\"form.default\">\n\t\t\t\t\t<template id=\"cfef_logic_data_dd72b1f\" class=\"cfef_logic_data_js\" data-form-id=\"dd72b1f\">{&quot;res_date&quot;:{&quot;display_mode&quot;:&quot;show&quot;,&quot;fire_action&quot;:&quot;All&quot;,&quot;file_types&quot;:&quot;png&quot;,&quot;logic_data&quot;:[{&quot;cfef_logic_field_id&quot;:&quot;sujet&quot;,&quot;cfef_logic_field_is&quot;:&quot;==&quot;,&quot;cfef_logic_compare_value&quot;:&quot;contact@grandcafedelaposte.restaurant&quot;,&quot;_id&quot;:&quot;9de36cb&quot;}]},&quot;res_people&quot;:{&quot;display_mode&quot;:&quot;show&quot;,&quot;fire_action&quot;:&quot;All&quot;,&quot;file_types&quot;:&quot;png&quot;,&quot;logic_data&quot;:[{&quot;cfef_logic_field_id&quot;:&quot;sujet&quot;,&quot;cfef_logic_field_is&quot;:&quot;==&quot;,&quot;cfef_logic_compare_value&quot;:&quot;contact@grandcafedelaposte.restaurant&quot;,&quot;_id&quot;:&quot;9de36cb&quot;}]},&quot;res_service&quot;:{&quot;display_mode&quot;:&quot;show&quot;,&quot;fire_action&quot;:&quot;All&quot;,&quot;file_types&quot;:&quot;png&quot;,&quot;logic_data&quot;:[{&quot;cfef_logic_field_id&quot;:&quot;sujet&quot;,&quot;cfef_logic_field_is&quot;:&quot;==&quot;,&quot;cfef_logic_compare_value&quot;:&quot;contact@grandcafedelaposte.restaurant&quot;,&quot;_id&quot;:&quot;9de36cb&quot;}]},&quot;time_breakfast&quot;:{&quot;display_mode&quot;:&quot;show&quot;,&quot;fire_action&quot;:&quot;All&quot;,&quot;file_types&quot;:&quot;png&quot;,&quot;logic_data&quot;:[{&quot;cfef_logic_field_id&quot;:&quot;res_service&quot;,&quot;cfef_logic_field_is&quot;:&quot;==&quot;,&quot;cfef_logic_compare_value&quot;:&quot;Petit d\\u00e9jeuner&quot;,&quot;_id&quot;:&quot;9de36cb&quot;}]},&quot;time_lunch&quot;:{&quot;display_mode&quot;:&quot;show&quot;,&quot;fire_action&quot;:&quot;All&quot;,&quot;file_types&quot;:&quot;png&quot;,&quot;logic_data&quot;:[{&quot;cfef_logic_field_id&quot;:&quot;res_service&quot;,&quot;cfef_logic_field_is&quot;:&quot;==&quot;,&quot;cfef_logic_compare_value&quot;:&quot;D\\u00e9jeuner&quot;,&quot;_id&quot;:&quot;9de36cb&quot;}]},&quot;time_dinner&quot;:{&quot;display_mode&quot;:&quot;show&quot;,&quot;fire_action&quot;:&quot;All&quot;,&quot;file_types&quot;:&quot;png&quot;,&quot;logic_data&quot;:[{&quot;cfef_logic_field_id&quot;:&quot;res_service&quot;,&quot;cfef_logic_field_is&quot;:&quot;==&quot;,&quot;cfef_logic_compare_value&quot;:&quot;D\\u00eener&quot;,&quot;_id&quot;:&quot;9de36cb&quot;}]}}<\/template>\t\t<form class=\"elementor-form\" method=\"post\" name=\"GCDLP\" aria-label=\"GCDLP\">\n\t\t\t<input type=\"hidden\" name=\"post_id\" value=\"306\"\/>\n\t\t\t<input type=\"hidden\" name=\"form_id\" value=\"dd72b1f\"\/>\n\t\t\t<input type=\"hidden\" name=\"referer_title\" value=\"Contactez Nous - Le Grand Caf\u00e9 de la Poste\" \/>\n\n\t\t\t\t\t\t\t<input type=\"hidden\" name=\"queried_id\" value=\"306\"\/>\n\t\t\t\n\t\t\t<div class=\"elementor-form-fields-wrapper elementor-labels-above\">\n\t\t\t\t\t\t\t\t<div class=\"elementor-field-type-text elementor-field-group elementor-column elementor-field-group-name elementor-col-100 elementor-field-required elementor-mark-required\">\n\t\t\t\t\t\t\t\t\t\t\t\t\t<input size=\"1\" type=\"text\" name=\"form_fields[name]\" id=\"form-field-name\" class=\"elementor-field elementor-size-md  elementor-field-textual\" placeholder=\"Nom\" required=\"required\">\n\t\t\t\t\t\t\t\t\t\t\t<\/div>\n\t\t\t\t\t\t\t\t<div class=\"elementor-field-type-email elementor-field-group elementor-column elementor-field-group-email elementor-col-100 elementor-field-required elementor-mark-required\">\n\t\t\t\t\t\t\t\t\t\t\t\t\t<input size=\"1\" type=\"email\" name=\"form_fields[email]\" id=\"form-field-email\" class=\"elementor-field elementor-size-md  elementor-field-textual\" placeholder=\"Email\" required=\"required\">\n\t\t\t\t\t\t\t\t\t\t\t<\/div>\n\t\t\t\t\t\t\t\t<div class=\"elementor-field-type-tel elementor-field-group elementor-column elementor-field-group-field_6ec00af elementor-col-100 elementor-field-required elementor-mark-required\">\n\t\t\t\t\t<span class=\"ccfef-editor-intl-input\" data-id=\"form-field-field_6ec00af\" data-field-id=\"6ec00af\" data-default-country=\"fr\" data-include-countries=\"\" data-exclude-countries=\"\" data-dial-code-visibility=\"show\" data-strict-mode=\"no\" style=\"display: none;\"><\/span>\t\t<input size=\"1\" type=\"tel\" name=\"form_fields[field_6ec00af]\" id=\"form-field-field_6ec00af\" class=\"elementor-field elementor-size-md  elementor-field-textual\" placeholder=\"T\u00e9l\u00e9phone\" required=\"required\" pattern=\"[0-9()#&amp;+*-=.]+\" title=\"Sono accettati solo numeri e caratteri telefonici (#, -, *, ecc.).\">\n\n\t\t\t\t\t\t<\/div>\n\t\t\t\t\t\t\t\t<div class=\"elementor-field-type-select elementor-field-group elementor-column elementor-field-group-sujet elementor-col-100 elementor-field-required elementor-mark-required\">\n\t\t\t\t\t\t\t<div class=\"elementor-field elementor-select-wrapper remove-before \">\n\t\t\t<div class=\"select-caret-down-wrapper\">\n\t\t\t\t<i aria-hidden=\"true\" class=\"eicon-caret-down\"><\/i>\t\t\t<\/div>\n\t\t\t<select name=\"form_fields[sujet]\" id=\"form-field-sujet\" class=\"elementor-field-textual elementor-size-md\" required=\"required\">\n\t\t\t\t\t\t\t\t\t<option value=\"relationcommerciale.group@gmail.com\">Organisez un \u00e9v\u00e9nement priv\u00e9<\/option>\n\t\t\t\t\t\t\t\t\t<option value=\"contact@grandcafedelaposte.restaurant\">R\u00e9servez une table<\/option>\n\t\t\t\t\t\t\t<\/select>\n\t\t<\/div>\n\t\t\t\t\t\t<\/div>\n\t\t\t\t\t\t\t\t<div class=\"elementor-field-type-date elementor-field-group elementor-column elementor-field-group-res_date elementor-col-100 elementor-field-required elementor-mark-required\">\n\t\t\t\t\t\n\t\t<input type=\"date\" name=\"form_fields[res_date]\" id=\"form-field-res_date\" class=\"elementor-field elementor-size-md  elementor-field-textual elementor-date-field\" placeholder=\"Date\" required=\"required\" pattern=\"[0-9]{4}-[0-9]{2}-[0-9]{2}\">\n\t\t\t\t\t\t<\/div>\n\t\t\t\t\t\t\t\t<div class=\"elementor-field-type-number elementor-field-group elementor-column elementor-field-group-res_people elementor-col-100 elementor-field-required elementor-mark-required\">\n\t\t\t\t\t\t\t\t<input type=\"number\" name=\"form_fields[res_people]\" id=\"form-field-res_people\" class=\"elementor-field elementor-size-md  elementor-field-textual\" placeholder=\"Nombre de couverts\" required=\"required\" min=\"1\" max=\"8\" >\n\t\t\t\t\t\t<\/div>\n\t\t\t\t\t\t\t\t<div class=\"elementor-field-type-select elementor-field-group elementor-column elementor-field-group-res_service elementor-col-100 elementor-field-required elementor-mark-required\">\n\t\t\t\t\t\t\t<div class=\"elementor-field elementor-select-wrapper remove-before \">\n\t\t\t<div class=\"select-caret-down-wrapper\">\n\t\t\t\t<i aria-hidden=\"true\" class=\"eicon-caret-down\"><\/i>\t\t\t<\/div>\n\t\t\t<select name=\"form_fields[res_service]\" id=\"form-field-res_service\" class=\"elementor-field-textual elementor-size-md\" required=\"required\">\n\t\t\t\t\t\t\t\t\t<option value=\"Petit d\u00e9jeuner\">Petit d\u00e9jeuner<\/option>\n\t\t\t\t\t\t\t\t\t<option value=\"D\u00e9jeuner\">D\u00e9jeuner<\/option>\n\t\t\t\t\t\t\t\t\t<option value=\"D\u00eener\">D\u00eener<\/option>\n\t\t\t\t\t\t\t<\/select>\n\t\t<\/div>\n\t\t\t\t\t\t<\/div>\n\t\t\t\t\t\t\t\t<div class=\"elementor-field-type-select elementor-field-group elementor-column elementor-field-group-time_breakfast elementor-col-100 elementor-field-required elementor-mark-required\">\n\t\t\t\t\t\t\t<div class=\"elementor-field elementor-select-wrapper remove-before \">\n\t\t\t<div class=\"select-caret-down-wrapper\">\n\t\t\t\t<i aria-hidden=\"true\" class=\"eicon-caret-down\"><\/i>\t\t\t<\/div>\n\t\t\t<select name=\"form_fields[time_breakfast]\" id=\"form-field-time_breakfast\" class=\"elementor-field-textual elementor-size-md\" required=\"required\">\n\t\t\t\t\t\t\t\t\t<option value=\"09h00\">09h00<\/option>\n\t\t\t\t\t\t\t\t\t<option value=\"09h30\">09h30<\/option>\n\t\t\t\t\t\t\t\t\t<option value=\"10h00\">10h00<\/option>\n\t\t\t\t\t\t\t\t\t<option value=\"10h30\">10h30<\/option>\n\t\t\t\t\t\t\t\t\t<option value=\"11h00\">11h00<\/option>\n\t\t\t\t\t\t\t\t\t<option value=\"11h30\">11h30<\/option>\n\t\t\t\t\t\t\t<\/select>\n\t\t<\/div>\n\t\t\t\t\t\t<\/div>\n\t\t\t\t\t\t\t\t<div class=\"elementor-field-type-select elementor-field-group elementor-column elementor-field-group-time_lunch elementor-col-100 elementor-field-required elementor-mark-required\">\n\t\t\t\t\t\t\t<div class=\"elementor-field elementor-select-wrapper remove-before \">\n\t\t\t<div class=\"select-caret-down-wrapper\">\n\t\t\t\t<i aria-hidden=\"true\" class=\"eicon-caret-down\"><\/i>\t\t\t<\/div>\n\t\t\t<select name=\"form_fields[time_lunch]\" id=\"form-field-time_lunch\" class=\"elementor-field-textual elementor-size-md\" required=\"required\">\n\t\t\t\t\t\t\t\t\t<option value=\"12h00\">12h00<\/option>\n\t\t\t\t\t\t\t\t\t<option value=\"12h30\">12h30<\/option>\n\t\t\t\t\t\t\t\t\t<option value=\"13h00\">13h00<\/option>\n\t\t\t\t\t\t\t\t\t<option value=\"13h30\">13h30<\/option>\n\t\t\t\t\t\t\t\t\t<option value=\"15h00\">15h00<\/option>\n\t\t\t\t\t\t\t\t\t<option value=\"15h30\">15h30<\/option>\n\t\t\t\t\t\t\t\t\t<option value=\"16h00\">16h00<\/option>\n\t\t\t\t\t\t\t\t\t<option value=\"16h30\">16h30<\/option>\n\t\t\t\t\t\t\t\t\t<option value=\"17h00\">17h00<\/option>\n\t\t\t\t\t\t\t\t\t<option value=\"17h30\">17h30<\/option>\n\t\t\t\t\t\t\t<\/select>\n\t\t<\/div>\n\t\t\t\t\t\t<\/div>\n\t\t\t\t\t\t\t\t<div class=\"elementor-field-type-select elementor-field-group elementor-column elementor-field-group-time_dinner elementor-col-100 elementor-field-required elementor-mark-required\">\n\t\t\t\t\t\t\t<div class=\"elementor-field elementor-select-wrapper remove-before \">\n\t\t\t<div class=\"select-caret-down-wrapper\">\n\t\t\t\t<i aria-hidden=\"true\" class=\"eicon-caret-down\"><\/i>\t\t\t<\/div>\n\t\t\t<select name=\"form_fields[time_dinner]\" id=\"form-field-time_dinner\" class=\"elementor-field-textual elementor-size-md\" required=\"required\">\n\t\t\t\t\t\t\t\t\t<option value=\"19h00\">19h00<\/option>\n\t\t\t\t\t\t\t\t\t<option value=\"19h30\">19h30<\/option>\n\t\t\t\t\t\t\t\t\t<option value=\"20h00\">20h00<\/option>\n\t\t\t\t\t\t\t\t\t<option value=\"20h30\">20h30<\/option>\n\t\t\t\t\t\t\t\t\t<option value=\"22h00\">22h00<\/option>\n\t\t\t\t\t\t\t\t\t<option value=\"22h30\">22h30<\/option>\n\t\t\t\t\t\t\t\t\t<option value=\"23h00\">23h00<\/option>\n\t\t\t\t\t\t\t\t\t<option value=\"23h30\">23h30<\/option>\n\t\t\t\t\t\t\t<\/select>\n\t\t<\/div>\n\t\t\t\t\t\t<\/div>\n\t\t\t\t\t\t\t\t<div class=\"elementor-field-type-textarea elementor-field-group elementor-column elementor-field-group-message elementor-col-100\">\n\t\t\t\t\t<textarea class=\"elementor-field-textual elementor-field  elementor-size-md\" name=\"form_fields[message]\" id=\"form-field-message\" rows=\"4\" placeholder=\"Message\"><\/textarea>\t\t\t\t<\/div>\n\t\t\t\t\t\t\t\t<div class=\"elementor-field-group elementor-column elementor-field-type-submit elementor-col-100 e-form__buttons\">\n\t\t\t\t\t<button class=\"elementor-button elementor-size-sm\" type=\"submit\">\n\t\t\t\t\t\t<span class=\"elementor-button-content-wrapper\">\n\t\t\t\t\t\t\t\t\t\t\t\t\t\t\t\t\t\t\t\t\t\t<span class=\"elementor-button-text\">Envoyer<\/span>\n\t\t\t\t\t\t\t\t\t\t\t\t\t<\/span>\n\t\t\t\t\t<\/button>\n\t\t\t\t<\/div>\n\t\t\t<\/div>\n\t\t<\/form>\n\t\t\t\t\t\t<\/div>\n\t\t\t\t<\/div>\n\t\t\t\t\t<\/div>\n\t\t\t\t<\/div>\n\t\t\t\t<\/div>\n\t\t","protected":false},"excerpt":{"rendered":"<p>Contactez l&rsquo;\u00e9quipe<\/p>","protected":false},"author":1,"featured_media":0,"parent":0,"menu_order":0,"comment_status":"closed","ping_status":"closed","template":"elementor_header_footer","meta":{"_acf_changed":false,"footnotes":""},"class_list":["post-306","page","type-page","status-publish","hentry"],"acf":[],"_links":{"self":[{"href":"https:\/\/www.grandcafedelaposte.restaurant\/zh\/wp-json\/wp\/v2\/pages\/306","targetHints":{"allow":["GET"]}}],"collection":[{"href":"https:\/\/www.grandcafedelaposte.restaurant\/zh\/wp-json\/wp\/v2\/pages"}],"about":[{"href":"https:\/\/www.grandcafedelaposte.restaurant\/zh\/wp-json\/wp\/v2\/types\/page"}],"author":[{"embeddable":true,"href":"https:\/\/www.grandcafedelaposte.restaurant\/zh\/wp-json\/wp\/v2\/users\/1"}],"replies":[{"embeddable":true,"href":"https:\/\/www.grandcafedelaposte.restaurant\/zh\/wp-json\/wp\/v2\/comments?post=306"}],"version-history":[{"count":200,"href":"https:\/\/www.grandcafedelaposte.restaurant\/zh\/wp-json\/wp\/v2\/pages\/306\/revisions"}],"predecessor-version":[{"id":5520,"href":"https:\/\/www.grandcafedelaposte.restaurant\/zh\/wp-json\/wp\/v2\/pages\/306\/revisions\/5520"}],"wp:attachment":[{"href":"https:\/\/www.grandcafedelaposte.restaurant\/zh\/wp-json\/wp\/v2\/media?parent=306"}],"curies":[{"name":"wp","href":"https:\/\/api.w.org\/{rel}","templated":true}]}}