{"id":426,"date":"2025-12-08T18:22:43","date_gmt":"2025-12-08T17:22:43","guid":{"rendered":"https:\/\/www.grandcafedelaposte.restaurant\/grandcafedelapos\/?page_id=426"},"modified":"2026-03-18T18:28:47","modified_gmt":"2026-03-18T17:28:47","slug":"%e4%b8%80%e8%88%ac%e6%9d%a1%e6%ac%be%e5%92%8c%e6%9d%a1%e4%bb%b6","status":"publish","type":"page","link":"https:\/\/www.grandcafedelaposte.restaurant\/zh\/conditions-generales\/","title":{"rendered":"\u4e00\u822c\u6761\u6b3e\u548c\u6761\u4ef6"},"content":{"rendered":"\t\t<div data-elementor-type=\"wp-page\" data-elementor-id=\"426\" class=\"elementor elementor-426\" data-elementor-post-type=\"page\">\n\t\t\t\t<div class=\"elementor-element elementor-element-2620675 e-flex e-con-boxed e-con e-parent\" data-id=\"2620675\" data-element_type=\"container\" data-e-type=\"container\">\n\t\t\t\t\t<div class=\"e-con-inner\">\n\t\t\t\t<div class=\"elementor-element elementor-element-53270ec elementor-widget elementor-widget-text-editor\" data-id=\"53270ec\" data-element_type=\"widget\" data-e-type=\"widget\" data-no-translation=\"\" data-widget_type=\"text-editor.default\">\n\t\t\t\t\t<style>.elementor-element-53270ec{display:none !important}<\/style>\t\t\t\t<\/div>\n\t\t\t\t<div class=\"elementor-element elementor-element-094eadd elementor-widget elementor-widget-text-editor\" data-id=\"094eadd\" data-element_type=\"widget\" data-e-type=\"widget\" data-no-translation=\"\" data-widget_type=\"text-editor.default\">\n\t\t\t\t\t<style>.elementor-element-094eadd{display:none !important}<\/style>\t\t\t\t<\/div>\n\t\t\t\t<div class=\"elementor-element elementor-element-6a3dabf elementor-widget elementor-widget-text-editor\" data-id=\"6a3dabf\" data-element_type=\"widget\" data-e-type=\"widget\" data-no-translation=\"\" data-widget_type=\"text-editor.default\">\n\t\t\t\t\t<style>.elementor-element-6a3dabf{display:none !important}<\/style>\t\t\t\t<\/div>\n\t\t\t\t<div class=\"elementor-element elementor-element-1a5856a elementor-widget elementor-widget-text-editor\" data-id=\"1a5856a\" data-element_type=\"widget\" data-e-type=\"widget\" data-no-translation=\"\" data-widget_type=\"text-editor.default\">\n\t\t\t\t\t<style>.elementor-element-1a5856a{display:none !important}<\/style>\t\t\t\t<\/div>\n\t\t\t\t<div class=\"elementor-element elementor-element-3082667 elementor-widget elementor-widget-text-editor\" data-id=\"3082667\" data-element_type=\"widget\" data-e-type=\"widget\" data-no-translation=\"\" data-widget_type=\"text-editor.default\">\n\t\t\t\t\t<style>.elementor-element-3082667{display:none !important}<\/style>\t\t\t\t<\/div>\n\t\t\t\t<div class=\"elementor-element elementor-element-97cbf72 elementor-widget elementor-widget-text-editor\" data-id=\"97cbf72\" data-element_type=\"widget\" data-e-type=\"widget\" data-no-translation=\"\" data-widget_type=\"text-editor.default\">\n\t\t\t\t\t<style>.elementor-element-97cbf72{display:none !important}<\/style>\t\t\t\t<\/div>\n\t\t\t\t<div class=\"elementor-element elementor-element-976015a elementor-widget elementor-widget-text-editor\" data-id=\"976015a\" data-element_type=\"widget\" data-e-type=\"widget\" data-no-translation=\"\" data-widget_type=\"text-editor.default\">\n\t\t\t\t\t<style>.elementor-element-976015a{display:none !important}<\/style>\t\t\t\t<\/div>\n\t\t\t\t<div class=\"elementor-element elementor-element-c9534db elementor-widget elementor-widget-text-editor\" data-id=\"c9534db\" data-element_type=\"widget\" data-e-type=\"widget\" data-no-translation=\"\" data-widget_type=\"text-editor.default\">\n\t\t\t\t\t\t\t\t\t<p><span style=\"font-weight: 400;\">\u4e00\u822c\u6761\u6b3e\u548c\u6761\u4ef6<\/span><\/p><p><span style=\"font-weight: 400;\">\u6700\u540e\u66f4\u65b0\uff1a2026\u5e741\u670815\u65e5<\/span><\/p><ol><li style=\"font-weight: 400;\" aria-level=\"1\"><span style=\"font-weight: 400;\">\u8fd9\u4e9b\u6761\u6b3e\u7684\u9002\u7528\u8303\u56f4\u662f\u4ec0\u4e48\uff1f<\/span><span style=\"font-weight: 400;\"><br \/><\/span><span style=\"font-weight: 400;\">\u8fd9\u4e9b\u6761\u6b3e\u9002\u7528\u4e8e\u60a8\u5728CDPM\u8fdb\u884c\u7684\u6240\u6709\u9884\u8ba2\u3002CDPM\u8fd0\u8425Grand Caf\u00e9 de la Poste\u3002<\/span><span style=\"font-weight: 400;\"><br \/><\/span><span style=\"font-weight: 400;\">\u6cd5\u5b9a\u4fe1\u606f\uff1a<\/span><span style=\"font-weight: 400;\"><br \/><\/span><span style=\"font-weight: 400;\">\u516c\u53f8\u540d\u79f0\uff1aCDPM SARL<\/span><span style=\"font-weight: 400;\"><br \/><\/span><span style=\"font-weight: 400;\">\u7535\u8bdd\uff1a+212 5 24 43 30 38<\/span><span style=\"font-weight: 400;\"><br \/><\/span><span style=\"font-weight: 400;\">\u7535\u5b50\u90ae\u4ef6\uff1acontact@grandcafedelaposte.restaurant<\/span><\/li><\/ol><p><span style=\"font-weight: 400;\">\u60a8\u5728\u9884\u8ba2\u524d\u9605\u8bfb\u5e76\u63a5\u53d7\u8fd9\u4e9b\u6761\u6b3e\u3002\u786e\u8ba4\u9884\u8ba2\u5373\u8868\u793a\u60a8\u540c\u610f\u8fd9\u4e9b\u6761\u6b3e\u3002<\/span><\/p><ol><li style=\"font-weight: 400;\" aria-level=\"1\"><span style=\"font-weight: 400;\">\u60a8\u5982\u4f55\u8fdb\u884c\u9884\u8ba2\uff1f<\/span><span style=\"font-weight: 400;\"><br \/><\/span><span style=\"font-weight: 400;\">\u901a\u8fc7\u4e24\u79cd\u65b9\u5f0f\u8fdb\u884c\u9884\u8ba2\uff1a<\/span><\/li><li style=\"font-weight: 400;\" aria-level=\"1\"><span style=\"font-weight: 400;\">\u901a\u8fc7\u6211\u4eec\u7684\u5b98\u65b9\u7f51\u7ad9\u6216\u5408\u4f5c\u4f19\u4f34\u5e73\u53f0\u5728\u7ebf\u9884\u8ba2\u3002<\/span><\/li><li style=\"font-weight: 400;\" aria-level=\"1\"><span style=\"font-weight: 400;\">\u901a\u8fc7\u7535\u8bdd\u9884\u8ba2\u3002<\/span><\/li><\/ol><p><span style=\"font-weight: 400;\">\u6240\u6709\u9884\u8ba2\u89c6\u5ea7\u4f4d\u4f9b\u5e94\u60c5\u51b5\u800c\u5b9a\u3002\u6211\u4eec\u901a\u8fc7\u7535\u5b50\u90ae\u4ef6\u6216\u77ed\u4fe1\u786e\u8ba4\u60a8\u7684\u9884\u8ba2\u4ee5\u5b8c\u6210\u6d41\u7a0b\u3002\u6211\u4eec\u4fdd\u7559\u56e0\u4e0d\u53ef\u7528\u6216\u8fc7\u53bb\u672a\u51fa\u73b0\u7b49\u6b63\u5f53\u7406\u7531\u62d2\u7edd\u9884\u8ba2\u7684\u6743\u5229\u3002<\/span><\/p><ol><li style=\"font-weight: 400;\" aria-level=\"1\"><span style=\"font-weight: 400;\">\u6211\u4eec\u662f\u5426\u9700\u8981\u9884\u4ed8\u6b3e\u548c\u94f6\u884c\u62c5\u4fdd\uff1f<\/span><span style=\"font-weight: 400;\"><br \/><\/span><span style=\"font-weight: 400;\">\u5728\u7e41\u5fd9\u65e5\u5b50\u3001\u7279\u6b8a\u6d3b\u52a8\u6216\u5927\u578b\u56e2\u961f\u7528\u9910\u65f6\uff0c\u6211\u4eec\u9700\u8981\u60a8\u63d0\u4f9b\u62c5\u4fdd\u3002CDPM\u8981\u6c42\uff1a<\/span><\/li><li style=\"font-weight: 400;\" aria-level=\"1\"><span style=\"font-weight: 400;\">\u5168\u989d\u6216\u90e8\u5206\u9884\u4ed8\u4f30\u7b97\u91d1\u989d\u3002<\/span><\/li><li style=\"font-weight: 400;\" aria-level=\"1\"><span style=\"font-weight: 400;\">\u4fe1\u7528\u5361\u9884\u6388\u6743\u4f5c\u4e3a\u62c5\u4fdd\u3002<\/span><\/li><\/ol><p><span style=\"font-weight: 400;\">\u6211\u4eec\u6839\u636e\u65e5\u671f\u3001\u65f6\u95f4\u548c\u5ba2\u4eba\u6570\u786e\u5b9a\u91d1\u989d\u3002\u6211\u4eec\u5728\u60a8\u5c31\u9910\u5f53\u5929\u7684\u6700\u7ec8\u8d26\u5355\u4e2d\u6263\u9664\u6b64\u91d1\u989d\u3002<\/span><\/p><ol><li style=\"font-weight: 400;\" aria-level=\"1\"><span style=\"font-weight: 400;\">\u60a8\u5982\u4f55\u4fee\u6539\u6216\u53d6\u6d88\u9884\u8ba2\uff1f<\/span><span style=\"font-weight: 400;\"><br \/><\/span><span style=\"font-weight: 400;\">4.1. \u4fee\u6539\u60a8\u7684\u9884\u8ba2<\/span><span style=\"font-weight: 400;\"><br \/><\/span><span style=\"font-weight: 400;\">\u66f4\u6539\u65e5\u671f\u3001\u65f6\u95f4\u6216\u5ba2\u4eba\u6570\u53d6\u51b3\u4e8e\u6211\u4eec\u7684\u5ea7\u4f4d\u4f9b\u5e94\u60c5\u51b5\u3002\u8bf7\u5c3d\u65e9\u901a\u77e5CDPM\u3002\u5728\u6700\u540e\u4e00\u523b\u51cf\u5c11\u5ba2\u4eba\u6570\u4f1a\u4ea7\u751f\u7f3a\u5e2d\u5ba2\u4eba\u7684\u53d6\u6d88\u8d39\u7528\u3002<\/span><span style=\"font-weight: 400;\"><br \/><\/span><span style=\"font-weight: 400;\">4.2. \u53d6\u6d88\u653f\u7b56\u548c\u9000\u6b3e<\/span><span style=\"font-weight: 400;\"><br \/><\/span><span style=\"font-weight: 400;\">\u53d6\u6d88\u9884\u8ba2\u65f6\u9002\u7528\u4ee5\u4e0b\u89c4\u5219\u3002\u7279\u6b8a\u6d3b\u52a8\u6709\u7279\u5b9a\u89c4\u5219\u3002<\/span><span style=\"font-weight: 400;\"><br \/><\/span><span style=\"font-weight: 400;\">\u5728\u9884\u8ba2\u65f6\u95f4\u524d24\u5c0f\u65f6\u4ee5\u4e0a\u53d6\u6d88\uff1a\u6211\u4eec\u9000\u8fd8\u767e\u5206\u4e4b\u767e\u7684\u9884\u4ed8\u6b3e\u3002<\/span><span style=\"font-weight: 400;\"><br \/><\/span><span style=\"font-weight: 400;\">\u5728\u9884\u8ba2\u65f6\u95f4\u524d24\u5c0f\u65f6\u81f36\u5c0f\u65f6\u5185\u53d6\u6d88\uff1a\u6211\u4eec\u9000\u8fd8\u767e\u5206\u4e4b\u4e94\u5341\u7684\u9884\u4ed8\u6b3e\u3002\u6211\u4eec\u6536\u53d6\u62c5\u4fdd\u91d1\u989d\u767e\u5206\u4e4b\u4e94\u5341\u7684\u8d39\u7528\u3002 [\u6ce8\u610f\uff1a\u6211\u6dfb\u52a0\u4e86\u6b64\u4e2d\u95f4\u5c42\u4ee5\u586b\u8865\u6cd5\u5f8b\u7a7a\u767d\uff0c\u9700\u6839\u636e\u60a8\u7684\u5546\u4e1a\u653f\u7b56\u8fdb\u884c\u9a8c\u8bc1]<\/span><span style=\"font-weight: 400;\"><br \/><\/span><span style=\"font-weight: 400;\">\u5728\u9884\u8ba2\u65f6\u95f4\u524d\u4e0d\u8db36\u5c0f\u65f6\u53d6\u6d88\u6216\u672a\u51fa\u73b0\uff1a\u6211\u4eec\u4e0d\u4e88\u9000\u6b3e\u3002\u6211\u4eec\u4fdd\u7559\u5168\u90e8\u9884\u4ed8\u6b3e\u4ee5\u5f25\u8865\u7a7a\u684c\u635f\u5931\u3002<\/span><span style=\"font-weight: 400;\"><br \/><\/span><span style=\"font-weight: 400;\">4.3. \u8fdf\u5230\u4f1a\u53d1\u751f\u4ec0\u4e48\uff1f<\/span><span style=\"font-weight: 400;\"><br \/><\/span><span style=\"font-weight: 400;\">\u5728\u60a8\u9884\u8ba2\u7684\u65f6\u95f4\u540e\uff0c\u6211\u4eec\u6700\u591a\u4e3a\u60a8\u4fdd\u7559\u9910\u684c30\u5206\u949f\u3002\u6b64\u65f6\u95f4\u6bb5\u540e\uff0c\u6211\u4eec\u5c06\u9910\u684c\u5206\u914d\u7ed9\u5176\u4ed6\u5ba2\u4eba\u3002\u6211\u4eec\u9002\u7528\u672a\u51fa\u73b0\u653f\u7b56\u3002<\/span><\/li><li style=\"font-weight: 400;\" aria-level=\"1\"><span style=\"font-weight: 400;\">\u60a8\u6709\u64a4\u56de\u6743\u5417\uff1f<\/span><span style=\"font-weight: 400;\"><br \/><\/span><span style=\"font-weight: 400;\">\u6cd5\u5f8b\u89c4\u5b9a\uff0c\u9884\u8ba2\u786e\u8ba4\u540e\u60a8\u6ca1\u6709\u64a4\u56de\u6743\u3002\u8bf7\u53c2\u9605\u7b2c4\u90e8\u5206\u4e86\u89e3\u53d6\u6d88\u89c4\u5219\u3002<\/span><\/li><li style=\"font-weight: 400;\" aria-level=\"1\"><span style=\"font-weight: 400;\">\u60a8\u7684\u8d23\u4efb\u662f\u4ec0\u4e48\uff1f<\/span><span style=\"font-weight: 400;\"><br \/><\/span><span style=\"font-weight: 400;\">6.1. \u60a8\u7684\u884c\u4e3a\u51c6\u5219<\/span><span style=\"font-weight: 400;\"><br \/><\/span><span style=\"font-weight: 400;\">\u60a8\u5fc5\u987b\u9075\u5b88\u6211\u4eec\u9910\u5385\u7684\u5185\u90e8\u89c4\u5b9a\u548c\u5458\u5de5\u6307\u793a\u3002\u4e0d\u5f53\u3001\u66b4\u529b\u6216\u4e0d\u5c0a\u91cd\u7684\u884c\u4e3a\u4f1a\u5bfc\u81f4\u670d\u52a1\u7acb\u5373\u53d6\u6d88\u3002\u6211\u4eec\u5c06\u8981\u6c42\u60a8\u79bb\u5f00\u4e14\u4e0d\u4e88\u9000\u6b3e\u3002\u6211\u4eec\u4fdd\u7559\u91c7\u53d6\u6cd5\u5f8b\u884c\u52a8\u7684\u6743\u5229\u3002<\/span><span style=\"font-weight: 400;\"><br \/><\/span><span style=\"font-weight: 400;\">6.2. \u9057\u5931\u6216\u88ab\u76d7\u7684\u4e2a\u4eba\u7269\u54c1<\/span><span style=\"font-weight: 400;\"><br \/><\/span><span style=\"font-weight: 400;\">\u6211\u4eec\u5bf9\u5728\u9910\u5385\u5185\u9057\u5931\u3001\u88ab\u76d7\u6216\u635f\u574f\u7684\u4e2a\u4eba\u7269\u54c1\u4e0d\u627f\u62c5\u4efb\u4f55\u8d23\u4efb\u3002<\/span><span style=\"font-weight: 400;\"><br \/><\/span><span style=\"font-weight: 400;\">6.3. \u8fc7\u654f\u548c\u996e\u98df\u9650\u5236<\/span><span style=\"font-weight: 400;\"><br \/><\/span><span style=\"font-weight: 400;\">\u60a8\u5728\u9884\u8ba2\u6216\u70b9\u9910\u65f6\u5fc5\u987b\u544a\u77e5\u4efb\u4f55\u8fc7\u654f\u3001\u98df\u7269\u4e0d\u8010\u53d7\u6216\u7279\u5b9a\u996e\u98df\u8981\u6c42\u3002<\/span><span style=\"font-weight: 400;\"><br \/><\/span><span style=\"font-weight: 400;\">\u6211\u4eec\u91c7\u53d6\u9884\u9632\u63aa\u65bd\u907f\u514d\u4ea4\u53c9\u6c61\u67d3\u3002\u6211\u4eec\u5728\u5904\u7406\u575a\u679c\u3001\u9eb8\u8d28\u3001\u725b\u5976\u548c\u9e21\u86cb\u7684\u53a8\u623f\u4e2d\u51c6\u5907\u98df\u7269\u3002\u5982\u679c\u5c3d\u7ba1\u91c7\u53d6\u4e86\u9884\u9632\u63aa\u65bd\u4ecd\u53d1\u751f\u8fc7\u654f\u53cd\u5e94\uff0c\u6211\u4eec\u4e0d\u627f\u62c5\u8d23\u4efb\u3002\u5982\u679c\u60a8\u672a\u80fd\u544a\u77e5\u8fc7\u654f\u60c5\u51b5\uff0c\u6211\u4eec\u4e0d\u627f\u62c5\u8d23\u4efb\u3002<\/span><\/li><li style=\"font-weight: 400;\" aria-level=\"1\"><span style=\"font-weight: 400;\">\u6211\u4eec\u5982\u4f55\u5904\u7406\u7a81\u53d1\u4e8b\u4ef6\uff1f<\/span><span style=\"font-weight: 400;\"><br \/><\/span><span style=\"font-weight: 400;\">\u6211\u4eec\u5bf9\u56e0\u7a81\u53d1\u4e8b\u4ef6\u9020\u6210\u7684\u5ef6\u8bef\u6216\u672a\u5c65\u884c\u4e49\u52a1\u4e0d\u627f\u62c5\u8d23\u4efb\u3002\u8fd9\u4e9b\u4e8b\u4ef6\u5305\u62ec\u81ea\u7136\u707e\u5bb3\u3001\u706b\u707e\u3001\u7f62\u5de5\u3001\u505c\u7535\u548c\u653f\u5e9c\u9650\u5236\u3002<\/span><span style=\"font-weight: 400;\"><br \/><\/span><span style=\"font-weight: 400;\">\u6211\u4eec\u53d6\u6d88\u6216\u4fee\u6539\u60a8\u7684\u9884\u8ba2\uff0c\u9664\u9000\u8fd8\u60a8\u7684\u9884\u4ed8\u6b3e\u5916\u4e0d\u63d0\u4f9b\u5176\u4ed6\u8865\u507f\u3002<\/span><\/li><li style=\"font-weight: 400;\" aria-level=\"1\"><span style=\"font-weight: 400;\">\u6211\u4eec\u5982\u4f55\u4fdd\u62a4\u60a8\u7684\u4e2a\u4eba\u6570\u636e\uff1f<\/span><span style=\"font-weight: 400;\"><br \/><\/span><span style=\"font-weight: 400;\">CDPM\u6839\u636e\u5173\u4e8e\u4e2a\u4eba\u6570\u636e\u4fdd\u62a4\u768409-08\u53f7\u6cd5\u5f8b\u5c0a\u91cd\u60a8\u7684\u9690\u79c1\u3002<\/span><span style=\"font-weight: 400;\"><br \/><\/span><span style=\"font-weight: 400;\">\u6536\u96c6\u548c\u76ee\u7684\uff1a\u6211\u4eec\u9700\u8981\u60a8\u7684\u4fe1\u606f\u6765\u5904\u7406\u9884\u8ba2\u5e76\u6539\u5584\u60a8\u7684\u4f53\u9a8c\u3002\u5728\u60a8\u540c\u610f\u7684\u60c5\u51b5\u4e0b\uff0c\u6211\u4eec\u4f1a\u53d1\u9001\u65f6\u4e8b\u901a\u8baf\u3002<\/span><span style=\"font-weight: 400;\"><br \/><\/span><span style=\"font-weight: 400;\">\u5171\u4eab\uff1a\u60a8\u7684\u6570\u636e\u4fdd\u6301\u673a\u5bc6\u3002\u6211\u4eec\u4ec5\u4e0eUPXP Africa\u548cfoxtable.ma\u7b49\u5fc5\u8981\u5408\u4f5c\u4f19\u4f34\u5171\u4eab\u6570\u636e\u3002\u6211\u4eec\u5e94\u6cd5\u5f8b\u8981\u6c42\u4e0e\u5f53\u5c40\u5171\u4eab\u6570\u636e\u3002<\/span><span style=\"font-weight: 400;\"><br \/><\/span><span style=\"font-weight: 400;\">\u60a8\u7684\u6743\u5229\uff1a\u6cd5\u5f8b\u8d4b\u4e88\u60a8\u8bbf\u95ee\u3001\u66f4\u6b63\u548c\u53cd\u5bf9\u60a8\u7684\u6570\u636e\u7684\u6743\u5229\u3002\u901a\u8fc7\u90ae\u4ef6\u6216\u8054\u7cfb\u8868\u683c\u8054\u7cfb\u6211\u4eec\u4ee5\u884c\u4f7f\u6b64\u6743\u5229\u3002\u8bf7\u63d0\u4f9b\u60a8\u7684\u5168\u540d\u548c\u8054\u7cfb\u65b9\u5f0f\u3002<\/span><\/li><li style=\"font-weight: 400;\" aria-level=\"1\"><span style=\"font-weight: 400;\">\u6211\u4eec\u4f7f\u7528COOKIES\u5417\uff1f<\/span><span style=\"font-weight: 400;\"><br \/><\/span><span style=\"font-weight: 400;\">\u5f53\u60a8\u8bbf\u95ee\u6211\u4eec\u7684\u7f51\u7ad9\u65f6\uff0cCookie\u4f1a\u81ea\u52a8\u5b89\u88c5\u5728\u60a8\u7684\u6d4f\u89c8\u5668\u4e0a\u3002\u8fd9\u4e9b\u6587\u4ef6\u6536\u96c6\u7edf\u8ba1\u6570\u636e\u5e76\u6539\u5584\u60a8\u7684\u6d4f\u89c8\u4f53\u9a8c\u3002\u60a8\u53ef\u4ee5\u914d\u7f6e\u6d4f\u89c8\u5668\u62d2\u7eddCookie\u3002\u8bbf\u95eeCNDP\u7f51\u7ad9 (https:\/\/www.cndp.ma) \u4e86\u89e3\u66f4\u591a\u4fe1\u606f\u3002<\/span><\/li><li style=\"font-weight: 400;\" aria-level=\"1\"><span style=\"font-weight: 400;\">\u9002\u7528\u54ea\u79cd\u6cd5\u5f8b\u4ee5\u53ca\u6211\u4eec\u5728\u54ea\u91cc\u89e3\u51b3\u4e89\u8bae\uff1f<\/span><span style=\"font-weight: 400;\"><br \/><\/span><span style=\"font-weight: 400;\">\u6469\u6d1b\u54e5\u6cd5\u5f8b\u7ba1\u8f96\u8fd9\u4e9b\u6761\u6b3e\u3002<\/span><span style=\"font-weight: 400;\"><br \/><\/span><span style=\"font-weight: 400;\">\u5982\u679c\u6211\u4eec\u672a\u80fd\u8fbe\u6210\u53cb\u597d\u534f\u8bae\uff0c\u9a6c\u62c9\u5580\u4ec0\u6cd5\u9662\u5bf9\u6709\u5173\u8fd9\u4e9b\u6761\u6b3e\u7684\u4efb\u4f55\u4e89\u8bae\u62e5\u6709\u4e13\u5c5e\u7ba1\u8f96\u6743\u3002<\/span><\/li><\/ol>\t\t\t\t\t\t\t\t<\/div>\n\t\t\t\t<div class=\"elementor-element elementor-element-ecad196 elementor-widget elementor-widget-text-editor\" data-id=\"ecad196\" data-element_type=\"widget\" data-e-type=\"widget\" data-no-translation=\"\" data-widget_type=\"text-editor.default\">\n\t\t\t\t\t<style>.elementor-element-ecad196{display:none !important}<\/style>\t\t\t\t<\/div>\n\t\t\t\t\t<\/div>\n\t\t\t\t<\/div>\n\t\t\t\t<\/div>\n\t\t","protected":false},"excerpt":{"rendered":"<p>CONDITIONS G\u00c9N\u00c9RALES DE VENTE Derni\u00e8re mise \u00e0 jour : 15 Janvier 2026 1. CHAMP D&rsquo;APPLICATION ET IDENTIFICATION Les pr\u00e9sentes conditions g\u00e9n\u00e9rales de vente (ci-apr\u00e8s \u00ab\u00a0CGV\u00a0\u00bb) s&rsquo;appliquent sans restriction ni r\u00e9serve \u00e0 toutes les r\u00e9servations conclues avec la soci\u00e9t\u00e9 CDPM (ci-apr\u00e8s \u00ab\u00a0l&rsquo;\u00c9tablissement\u00a0\u00bb), exploitant le \u00ab\u00a0Grand Caf\u00e9 de la Poste\u00a0\u00bb. Mentions L\u00e9gales de l&rsquo;\u00c9tablissement : D\u00e9nomination sociale [&hellip;]<\/p>\n","protected":false},"author":1,"featured_media":0,"parent":0,"menu_order":0,"comment_status":"closed","ping_status":"closed","template":"elementor_header_footer","meta":{"_acf_changed":false,"footnotes":""},"class_list":["post-426","page","type-page","status-publish","hentry"],"acf":[],"_links":{"self":[{"href":"https:\/\/www.grandcafedelaposte.restaurant\/zh\/wp-json\/wp\/v2\/pages\/426","targetHints":{"allow":["GET"]}}],"collection":[{"href":"https:\/\/www.grandcafedelaposte.restaurant\/zh\/wp-json\/wp\/v2\/pages"}],"about":[{"href":"https:\/\/www.grandcafedelaposte.restaurant\/zh\/wp-json\/wp\/v2\/types\/page"}],"author":[{"embeddable":true,"href":"https:\/\/www.grandcafedelaposte.restaurant\/zh\/wp-json\/wp\/v2\/users\/1"}],"replies":[{"embeddable":true,"href":"https:\/\/www.grandcafedelaposte.restaurant\/zh\/wp-json\/wp\/v2\/comments?post=426"}],"version-history":[{"count":65,"href":"https:\/\/www.grandcafedelaposte.restaurant\/zh\/wp-json\/wp\/v2\/pages\/426\/revisions"}],"predecessor-version":[{"id":5359,"href":"https:\/\/www.grandcafedelaposte.restaurant\/zh\/wp-json\/wp\/v2\/pages\/426\/revisions\/5359"}],"wp:attachment":[{"href":"https:\/\/www.grandcafedelaposte.restaurant\/zh\/wp-json\/wp\/v2\/media?parent=426"}],"curies":[{"name":"wp","href":"https:\/\/api.w.org\/{rel}","templated":true}]}}